{"id":2075,"date":"2023-11-09T14:25:50","date_gmt":"2023-11-09T14:25:50","guid":{"rendered":"https:\/\/vrtc.pt\/home\/?page_id=2075"},"modified":"2023-11-30T19:25:00","modified_gmt":"2023-11-30T19:25:00","slug":"diagnostico-maturidade-digital","status":"publish","type":"page","link":"https:\/\/vrtc.pt\/home\/diagnostico-maturidade-digital\/","title":{"rendered":"Diagn\u00f3stico maturidade digital"},"content":{"rendered":"\t\t<div data-elementor-type=\"wp-page\" data-elementor-id=\"2075\" class=\"elementor elementor-2075\" data-elementor-post-type=\"page\">\n\t\t\t\t<div class=\"elementor-element elementor-element-973a76c e-flex e-con-boxed e-con e-parent\" data-id=\"973a76c\" data-element_type=\"container\" data-e-type=\"container\" data-settings=\"{&quot;background_background&quot;:&quot;classic&quot;,&quot;background_motion_fx_motion_fx_scrolling&quot;:&quot;yes&quot;,&quot;background_motion_fx_scale_effect&quot;:&quot;yes&quot;,&quot;background_motion_fx_scale_range&quot;:{&quot;unit&quot;:&quot;%&quot;,&quot;size&quot;:&quot;&quot;,&quot;sizes&quot;:{&quot;start&quot;:0,&quot;end&quot;:100}},&quot;background_motion_fx_motion_fx_mouse&quot;:&quot;yes&quot;,&quot;background_motion_fx_mouseTrack_effect&quot;:&quot;yes&quot;,&quot;background_motion_fx_scale_direction&quot;:&quot;out-in&quot;,&quot;background_motion_fx_scale_speed&quot;:{&quot;unit&quot;:&quot;px&quot;,&quot;size&quot;:4,&quot;sizes&quot;:[]},&quot;background_motion_fx_devices&quot;:[&quot;desktop&quot;,&quot;tablet&quot;,&quot;mobile&quot;],&quot;background_motion_fx_mouseTrack_speed&quot;:{&quot;unit&quot;:&quot;px&quot;,&quot;size&quot;:1,&quot;sizes&quot;:[]}}\">\n\t\t\t\t\t<div class=\"e-con-inner\">\n\t\t\t\t<div class=\"elementor-element elementor-element-cdfa0cb elementor-invisible elementor-widget elementor-widget-heading\" data-id=\"cdfa0cb\" data-element_type=\"widget\" data-e-type=\"widget\" data-settings=\"{&quot;_animation&quot;:&quot;fadeInUp&quot;}\" data-widget_type=\"heading.default\">\n\t\t\t\t<div class=\"elementor-widget-container\">\n\t\t\t\t\t<h2 class=\"elementor-heading-title elementor-size-default\">Diagn\u00f3stico de Maturidade Digital<\/h2>\t\t\t\t<\/div>\n\t\t\t\t<\/div>\n\t\t\t\t\t<\/div>\n\t\t\t\t<\/div>\n\t\t<div class=\"elementor-element elementor-element-410540d e-flex e-con-boxed e-con e-child\" data-id=\"410540d\" data-element_type=\"container\" data-e-type=\"container\" data-settings=\"{&quot;background_background&quot;:&quot;classic&quot;}\">\n\t\t\t\t\t<div class=\"e-con-inner\">\n\t\t<div class=\"elementor-element elementor-element-ffa652b e-con-full e-flex e-con e-child\" data-id=\"ffa652b\" data-element_type=\"container\" data-e-type=\"container\">\n\t\t\t\t<\/div>\n\t\t<div class=\"elementor-element elementor-element-63665db e-con-full e-flex elementor-invisible e-con e-child\" data-id=\"63665db\" data-element_type=\"container\" data-e-type=\"container\" data-settings=\"{&quot;animation&quot;:&quot;fadeInUp&quot;,&quot;animation_delay&quot;:400}\">\n\t\t\t\t<div class=\"elementor-element elementor-element-a7959a7 elementor-widget elementor-widget-heading\" data-id=\"a7959a7\" data-element_type=\"widget\" data-e-type=\"widget\" data-widget_type=\"heading.default\">\n\t\t\t\t<div class=\"elementor-widget-container\">\n\t\t\t\t\t<h2 class=\"elementor-heading-title elementor-size-default\">Diagn\u00f3stico<\/h2>\t\t\t\t<\/div>\n\t\t\t\t<\/div>\n\t\t\t\t<div class=\"elementor-element elementor-element-d089fa2 elementor-invisible elementor-widget elementor-widget-text-editor\" data-id=\"d089fa2\" data-element_type=\"widget\" data-e-type=\"widget\" data-settings=\"{&quot;_animation&quot;:&quot;fadeInUp&quot;,&quot;_animation_delay&quot;:200}\" data-widget_type=\"text-editor.default\">\n\t\t\t\t<div class=\"elementor-widget-container\">\n\t\t\t\t\t\t\t\t\t<p>Responde \u00e0s perguntas abaixo para obter o teu diagn\u00f3stico de maturidade digital.<\/p>\t\t\t\t\t\t\t\t<\/div>\n\t\t\t\t<\/div>\n\t\t\t\t<div class=\"elementor-element elementor-element-def8d24 elementor-widget elementor-widget-html\" data-id=\"def8d24\" data-element_type=\"widget\" data-e-type=\"widget\" data-widget_type=\"html.default\">\n\t\t\t\t<div class=\"elementor-widget-container\">\n\t\t\t\t\t<form id=\"digital-maturity-form\">\r\n\r\n<label for=\"business_cae\" class=\"form-label-class\">Qual \u00e9 o CAE de atividade da empresa ou do ramo de neg\u00f3cio?<\/label>\r\n<input type=\"text\" id=\"business_cae\" name=\"business_cae\" required class=\"form-input-txt-class\"> \r\n\r\n<div class=\"input-container\">\r\n  <label for=\"has_logo\" class=\"form-label-class\">A tua empresa possui logotipo ou branding pr\u00f3prio?<\/label>\r\n  <div>\r\n  <input type=\"radio\" id=\"has_logo_yes\" name=\"has_logo\" value=\"yes\" required class=\"form-input-radio-class\"> <label class=\"label-input\"> Sim <\/label>  \r\n  <input type=\"radio\" id=\"has_logo_no\" name=\"has_logo\" value=\"no\" class=\"form-input-radio-class\"> <label class=\"label-input\"> N\u00e3o <\/label>  \r\n  <\/div>\r\n<\/div>\r\n\r\n<div id=\"question_2\" style=\"display:none;\" class=\"input-container\">\r\n    <label for=\"has_social_media\" class=\"form-label-class\">A tua empresa possui p\u00e1gina nas redes sociais?<\/label>\r\n    <div>\r\n    <input type=\"radio\" id=\"has_social_media_yes\" name=\"has_social_media\" value=\"yes\" class=\"form-input-radio-class\"> <label class=\"label-input\"> Sim <\/label>  \r\n    <input type=\"radio\" id=\"has_social_media_no\" name=\"has_social_media\" value=\"no\" class=\"form-input-radio-class\"> <label class=\"label-input\"> N\u00e3o <\/label>  \r\n    <\/div>\r\n<\/div>\r\n\r\n<div id=\"question_3\" style=\"display:none;\" class=\"input-container\">\r\n    <label for=\"has_website\" class=\"form-label-class\">A tua empresa est\u00e1 presente online atrav\u00e9s de um website?<\/label>\r\n    <div>\r\n    <input type=\"radio\" id=\"has_website_yes\" name=\"has_website\" value=\"yes\" class=\"form-input-radio-class\"> <label class=\"label-input\"> Sim <\/label>  \r\n    <input type=\"radio\" id=\"has_website_no\" name=\"has_website\" value=\"no\" class=\"form-input-radio-class\"> <label class=\"label-input\"> N\u00e3o <\/label>  \r\n    <\/div>\r\n<\/div>\r\n\r\n<div id=\"question_4\" style=\"display:none;\" class=\"input-container\">\r\n    <label for=\"can_sell_online\" class=\"form-label-class\">Caso vendas um produto, \u00e9 poss\u00edvel adquiri-lo online, atrav\u00e9s de loja ou marketplaces?<\/label>\r\n    <div>\r\n    <input type=\"radio\" id=\"can_sell_online_yes\" name=\"can_sell_online\" value=\"yes\" class=\"form-input-radio-class\"> <label class=\"label-input\"> Sim <\/label>  \r\n    <input type=\"radio\" id=\"can_sell_online_no\" name=\"can_sell_online\" value=\"no\" class=\"form-input-radio-class\"> <label class=\"label-input\"> N\u00e3o <\/label>  \r\n    <\/div>\r\n<\/div>\r\n\r\n<div id=\"question_5\" style=\"display:none;\" class=\"input-container\">\r\n    <label for=\"uses_online_ads\" class=\"form-label-class\">Utilizas publicidade patrocinada online?<\/label>\r\n    <div>\r\n    <input type=\"radio\" id=\"uses_online_ads_yes\" name=\"uses_online_ads\" value=\"yes\" class=\"form-input-radio-class\"> <label class=\"label-input\"> Sim <\/label>  \r\n    <input type=\"radio\" id=\"uses_online_ads_no\" name=\"uses_online_ads\" value=\"no\" class=\"form-input-radio-class\"> <label class=\"label-input\"> N\u00e3o <\/label>  \r\n    <\/div>\r\n<\/div>\r\n\r\n<div id=\"question_6\" style=\"display:none;\" class=\"input-container\">\r\n    <label for=\"has_inventory_management\" class=\"form-label-class\">Possuis algum software para gest\u00e3o da produ\u00e7\u00e3o\/exist\u00eancias?<\/label>\r\n    <div>\r\n    <input type=\"radio\" id=\"has_inventory_management_yes\" name=\"has_inventory_management\" value=\"yes\" class=\"form-input-radio-class\"> <label class=\"label-input\"> Sim <\/label>  \r\n    <input type=\"radio\" id=\"has_inventory_management_no\" name=\"has_inventory_management\" value=\"no\" class=\"form-input-radio-class\"> <label class=\"label-input\"> N\u00e3o <\/label>  \r\n    <\/div>\r\n<\/div>\r\n\r\n<div id=\"question_7\" style=\"display:none;\" class=\"input-container\">\r\n    <label for=\"has_crm\" class=\"form-label-class\">Possuis algum software para gest\u00e3o de clientes?<\/label>\r\n    <div>\r\n    <input type=\"radio\" id=\"has_crm_yes\" name=\"has_crm\" value=\"yes\" class=\"form-input-radio-class\"> <label class=\"label-input\"> Sim <\/label>  \r\n    <input type=\"radio\" id=\"has_crm_no\" name=\"has_crm\" value=\"no\" class=\"form-input-radio-class\"> <label class=\"label-input\"> N\u00e3o <\/label>  \r\n    <\/div>\r\n<\/div>\r\n\r\n<div id=\"question_8\" style=\"display:none;\" class=\"input-container\">\r\n    <label for=\"software_communication\" class=\"form-label-class\">Os diferentes softwares da empresa comunicam entre si sem interven\u00e7\u00e3o humana?<\/label>\r\n    <div>\r\n    <input type=\"radio\" id=\"software_communication_yes\" name=\"software_communication\" value=\"yes\" class=\"form-input-radio-class\"> <label class=\"label-input\"> Sim <\/label>  \r\n    <input type=\"radio\" id=\"software_communication_no\" name=\"software_communication\" value=\"no\" class=\"form-input-radio-class\"> <label class=\"label-input\"> N\u00e3o <\/label>  \r\n    <\/div>\r\n<\/div>\r\n\r\n<div id=\"question_9\" style=\"display:none;\" class=\"input-container\">\r\n    <label for=\"plan_software_improvement\" class=\"form-label-class\">Pretendes implementar algum tipo de software e\/ ou promover desenvolvimento adicional nos existentes nos pr\u00f3ximos 5 anos?<\/label>\r\n    <div>\r\n    <input type=\"radio\" id=\"plan_software_improvement_yes\" name=\"plan_software_improvement\" value=\"yes\" class=\"form-input-radio-class\"> <label class=\"label-input\"> Sim <\/label>   \r\n    <input type=\"radio\" id=\"plan_software_improvement_no\" name=\"plan_software_improvement\" value=\"no\" class=\"form-input-radio-class\"> <label class=\"label-input\"> N\u00e3o <\/label>  \r\n    <\/div>\r\n<\/div>\r\n\r\n<div id=\"question_10\" style=\"display:none;\" class=\"input-container\">\r\n    <label for=\"received_incentives\" class=\"form-label-class\">J\u00e1 beneficiaste de incentivos comunit\u00e1rios para investimentos em digitaliza\u00e7\u00e3o\/inova\u00e7\u00e3o?<\/label>\r\n    <div>\r\n    <input type=\"radio\" id=\"received_incentives_yes\" name=\"received_incentives\" value=\"yes\" class=\"form-input-radio-class\"> <label class=\"label-input\"> Sim <\/label>  \r\n    <input type=\"radio\" id=\"received_incentives_no\" name=\"received_incentives\" value=\"no\" class=\"form-input-radio-class\"> <label class=\"label-input\"> N\u00e3o <\/label> \r\n    <\/div> \r\n<\/div>\r\n\r\n<div id=\"question_11\" style=\"display:none;\" class=\"input-container\">\r\n    \r\n        <label for=\"full_name\" class=\"form-label-class\">Nome Completo<\/label>\r\n    <input type=\"text\" id=\"full_name\" name=\"full_name\" required class=\"form-input-txt-class\">\r\n\r\n    <label for=\"phone_number\" class=\"form-label-class\">N\u00famero de Contacto<\/label>\r\n    <input type=\"tel\" id=\"phone_number\" name=\"phone_number\" required class=\"form-input-txt-class\">\r\n\r\n    <label for=\"email\" class=\"form-label-class\">Fornece-nos o teu endere\u00e7o de email e recebe o teu diagn\u00f3stico de maturidade digital 100% gr\u00e1tis, bem como os incentivos (a fundo perdido) que beneficiam as empresas.<\/label>\r\n    <input type=\"email\" id=\"email\" name=\"email\" required class=\"form-input-txt-class\">\r\n    <\/div>\r\n\r\n    <button type=\"submit\" id=\"submit_button\" style=\"display:none;\">Obter Diagn\u00f3stico Digital<\/button>\r\n\r\n    <div id=\"loading\" style=\"display: none;\">\r\n        <div class=\"dot\"><\/div>\r\n        <div class=\"dot\"><\/div>\r\n        <div class=\"dot\"><\/div>\r\n    <\/div>\r\n<\/form>\t\t\t\t<\/div>\n\t\t\t\t<\/div>\n\t\t\t\t<div class=\"elementor-element elementor-element-f0b8190 elementor-widget elementor-widget-spacer\" data-id=\"f0b8190\" data-element_type=\"widget\" data-e-type=\"widget\" data-widget_type=\"spacer.default\">\n\t\t\t\t<div class=\"elementor-widget-container\">\n\t\t\t\t\t\t\t<div class=\"elementor-spacer\">\n\t\t\t<div class=\"elementor-spacer-inner\"><\/div>\n\t\t<\/div>\n\t\t\t\t\t\t<\/div>\n\t\t\t\t<\/div>\n\t\t\t\t<\/div>\n\t\t<div class=\"elementor-element elementor-element-c3b7b98 e-con-full e-flex e-con e-child\" data-id=\"c3b7b98\" data-element_type=\"container\" data-e-type=\"container\">\n\t\t\t\t<\/div>\n\t\t\t\t\t<\/div>\n\t\t\t\t<\/div>\n\t\t\t\t<\/div>\n\t\t","protected":false},"excerpt":{"rendered":"<p>Diagn\u00f3stico de Maturidade Digital Diagn\u00f3stico Responde \u00e0s perguntas abaixo para obter o teu diagn\u00f3stico de maturidade digital. Qual \u00e9 o CAE de atividade da empresa ou do ramo de neg\u00f3cio? A tua empresa possui logotipo ou branding pr\u00f3prio? Sim N\u00e3o A tua empresa possui p\u00e1gina nas redes sociais? Sim N\u00e3o A tua empresa est\u00e1 presente [&hellip;]<\/p>\n","protected":false},"author":2,"featured_media":0,"parent":0,"menu_order":0,"comment_status":"closed","ping_status":"closed","template":"elementor_header_footer","meta":{"_acf_changed":false,"_sitemap_exclude":false,"_sitemap_priority":"","_sitemap_frequency":"","footnotes":""},"class_list":["post-2075","page","type-page","status-publish","hentry"],"acf":[],"aioseo_notices":[],"_links":{"self":[{"href":"https:\/\/vrtc.pt\/home\/wp-json\/wp\/v2\/pages\/2075","targetHints":{"allow":["GET"]}}],"collection":[{"href":"https:\/\/vrtc.pt\/home\/wp-json\/wp\/v2\/pages"}],"about":[{"href":"https:\/\/vrtc.pt\/home\/wp-json\/wp\/v2\/types\/page"}],"author":[{"embeddable":true,"href":"https:\/\/vrtc.pt\/home\/wp-json\/wp\/v2\/users\/2"}],"replies":[{"embeddable":true,"href":"https:\/\/vrtc.pt\/home\/wp-json\/wp\/v2\/comments?post=2075"}],"version-history":[{"count":0,"href":"https:\/\/vrtc.pt\/home\/wp-json\/wp\/v2\/pages\/2075\/revisions"}],"wp:attachment":[{"href":"https:\/\/vrtc.pt\/home\/wp-json\/wp\/v2\/media?parent=2075"}],"curies":[{"name":"wp","href":"https:\/\/api.w.org\/{rel}","templated":true}]}}